{"id":1254,"date":"2016-02-12T08:11:05","date_gmt":"2016-02-12T08:11:05","guid":{"rendered":"http:\/\/demos.famethemes.com\/onepress\/?page_id=22"},"modified":"2017-06-07T14:04:53","modified_gmt":"2017-06-07T14:04:53","slug":"leitbild","status":"publish","type":"page","link":"https:\/\/it-hartmann.com\/cms\/leitbild\/","title":{"rendered":"Unser Leitbild"},"content":{"rendered":"<p>Hartmann IT Solutions versteht sich als modernes IT-Dienstleistungsunternehmen, dessen h\u00f6chste Priorit\u00e4t die Kundenzufriedenheit ist.<\/p>\n<blockquote><p>Unsere oberste Priorit\u00e4t ist <strong>Kundenzufriedenheit<\/strong><\/p><\/blockquote>\n<p>Unser Ziel ist es, Kunden f\u00fcr Informatik zu begeistern und ihnen Spass beim Arbeiten mit einem Computer oder eine Software zu vermitteln.<br \/>\nInsbesondere durch Ver\u00e4nderungen des Alltags, in der Wirtschaft und der Gesellschaft durch die Verwendung neuer, digitaler Technologien ist uns dieses Anliegen besonders wichtig. Ver\u00e4nderungen sind immer eine Chance! Wir wollen Sie durchdacht und behutsam den Weg entlang dieser &#8220;Digitalen Transformation&#8221; begleiten.<\/p>\n<blockquote><p>Unser Ziel ist es, Kunden f\u00fcr Informatik zu begeistern<\/p><\/blockquote>\n<p>Wir legen Wert auf einen professionellen, vertrauensvollen und angenehmen Umgang mit Kunden und Partnern. Alle Anliegen an uns werden daher sorgf\u00e4ltig durchdacht und zu Ihrer vollsten Zufriedenheit in angemessener Zeit erledigt. Betriebswirtschaftliche Ziele und Vereinbarungen halten wir stets so ein, dass alle Parteien zufrieden sind.<\/p>\n<blockquote><p><strong>Wir wollen f\u00fcr unsere Kunden die bestm\u00f6glichste L\u00f6sung sein.<br \/>\n&#8220;Solutions&#8221; ist nicht nur unser Name, es ist unsere Vision.<\/strong><\/p><\/blockquote>\n","protected":false},"excerpt":{"rendered":"<p>Unser Ziel ist es, Kunden f\u00fcr Informatik zu begeistern.<\/p>\n","protected":false},"author":1,"featured_media":1442,"parent":0,"menu_order":0,"comment_status":"closed","ping_status":"closed","template":"template-fullwidth.php","meta":{"footnotes":""},"class_list":["post-1254","page","type-page","status-publish","has-post-thumbnail","hentry"],"_links":{"self":[{"href":"https:\/\/it-hartmann.com\/cms\/wp-json\/wp\/v2\/pages\/1254","targetHints":{"allow":["GET"]}}],"collection":[{"href":"https:\/\/it-hartmann.com\/cms\/wp-json\/wp\/v2\/pages"}],"about":[{"href":"https:\/\/it-hartmann.com\/cms\/wp-json\/wp\/v2\/types\/page"}],"author":[{"embeddable":true,"href":"https:\/\/it-hartmann.com\/cms\/wp-json\/wp\/v2\/users\/1"}],"replies":[{"embeddable":true,"href":"https:\/\/it-hartmann.com\/cms\/wp-json\/wp\/v2\/comments?post=1254"}],"version-history":[{"count":10,"href":"https:\/\/it-hartmann.com\/cms\/wp-json\/wp\/v2\/pages\/1254\/revisions"}],"predecessor-version":[{"id":1443,"href":"https:\/\/it-hartmann.com\/cms\/wp-json\/wp\/v2\/pages\/1254\/revisions\/1443"}],"wp:featuredmedia":[{"embeddable":true,"href":"https:\/\/it-hartmann.com\/cms\/wp-json\/wp\/v2\/media\/1442"}],"wp:attachment":[{"href":"https:\/\/it-hartmann.com\/cms\/wp-json\/wp\/v2\/media?parent=1254"}],"curies":[{"name":"wp","href":"https:\/\/api.w.org\/{rel}","templated":true}]}}