{"id":1255,"date":"2016-02-12T08:12:49","date_gmt":"2016-02-12T08:12:49","guid":{"rendered":"http:\/\/demos.famethemes.com\/onepress\/?page_id=23"},"modified":"2017-06-07T09:45:36","modified_gmt":"2017-06-07T09:45:36","slug":"beratung","status":"publish","type":"page","link":"https:\/\/it-hartmann.com\/cms\/beratung\/","title":{"rendered":"Beratung"},"content":{"rendered":"<p>Wir helfen Ihnen mit Rat und Tat!<\/p>\n<p>Grundlage einer jeden Gesch\u00e4ftsbeziehung ist das Vertrauen der Partner zueinander.<br \/>\nSuchen Sie das Gespr\u00e4ch mit uns und wir beraten Sie gerne. Unabh\u00e4ngig davon, ob Sie Kleinstunternehmer oder Mittelst\u00e4ndler sind, wir haben immer ein offenes Ohr f\u00fcr Ihre IT-Fragen.<br \/>\nZusammen mit unseren IT-Partnern finden f\u00fcr Sie Ihre ma\u00dfgeschneiderte L\u00f6sung nach internationalen Standards.<\/p>\n","protected":false},"excerpt":{"rendered":"<p>Wir helfen Ihnen mit Rat und Tat!<\/p>\n","protected":false},"author":1,"featured_media":0,"parent":0,"menu_order":0,"comment_status":"closed","ping_status":"closed","template":"template-fullwidth.php","meta":{"footnotes":""},"class_list":["post-1255","page","type-page","status-publish","hentry"],"_links":{"self":[{"href":"https:\/\/it-hartmann.com\/cms\/wp-json\/wp\/v2\/pages\/1255","targetHints":{"allow":["GET"]}}],"collection":[{"href":"https:\/\/it-hartmann.com\/cms\/wp-json\/wp\/v2\/pages"}],"about":[{"href":"https:\/\/it-hartmann.com\/cms\/wp-json\/wp\/v2\/types\/page"}],"author":[{"embeddable":true,"href":"https:\/\/it-hartmann.com\/cms\/wp-json\/wp\/v2\/users\/1"}],"replies":[{"embeddable":true,"href":"https:\/\/it-hartmann.com\/cms\/wp-json\/wp\/v2\/comments?post=1255"}],"version-history":[{"count":8,"href":"https:\/\/it-hartmann.com\/cms\/wp-json\/wp\/v2\/pages\/1255\/revisions"}],"predecessor-version":[{"id":1412,"href":"https:\/\/it-hartmann.com\/cms\/wp-json\/wp\/v2\/pages\/1255\/revisions\/1412"}],"wp:attachment":[{"href":"https:\/\/it-hartmann.com\/cms\/wp-json\/wp\/v2\/media?parent=1255"}],"curies":[{"name":"wp","href":"https:\/\/api.w.org\/{rel}","templated":true}]}}