{"id":1289,"date":"2016-12-02T08:24:07","date_gmt":"2016-12-02T08:24:07","guid":{"rendered":"http:\/\/h1it.de\/cms\/?page_id=1289"},"modified":"2017-06-07T09:47:39","modified_gmt":"2017-06-07T09:47:39","slug":"pc-service","status":"publish","type":"page","link":"https:\/\/it-hartmann.com\/cms\/pc-service\/","title":{"rendered":"PC-Service"},"content":{"rendered":"<p>Was f\u00fcr mittelst\u00e4ndische Unternehmen eine komplexere IT-Infrastruktur ist, ist f\u00fcr kleine und Kleinstunternehmen oft Ihr PC. Dazu gesellen sich oft noch externe Speichermedien oder Clouddienste.<\/p>\n<p>Auch einzelne PC&#8217;s m\u00fcssen gesch\u00fctzt und gesichert werden. Des Weiteren mu\u00df ein reibungsloser Betrieb sichergestellt werden. Dazu bieten wir Ihnen unseren PC-Service an. Von der Installation, \u00fcber die Konfiguration bis hin zur Pflege \/ Wartung, Sicherung, Schutz des PC&#8217;s und St\u00f6rungsbeseitigung &#8211; Wir haben f\u00fcr Sie die passenden L\u00f6sungen.<\/p>\n<p>Gerne beraten wie Sie auch bez\u00fcglich einzelner PC&#8217;s, Server und kleinerer Netzwerke.<\/p>\n<p>&nbsp;<\/p>\n","protected":false},"excerpt":{"rendered":"<p>Besondes interessant f\u00fcr Einzelunternehmen, kleine Unternehmen.<\/p>\n","protected":false},"author":1,"featured_media":0,"parent":0,"menu_order":0,"comment_status":"closed","ping_status":"closed","template":"template-fullwidth.php","meta":{"footnotes":""},"class_list":["post-1289","page","type-page","status-publish","hentry"],"_links":{"self":[{"href":"https:\/\/it-hartmann.com\/cms\/wp-json\/wp\/v2\/pages\/1289","targetHints":{"allow":["GET"]}}],"collection":[{"href":"https:\/\/it-hartmann.com\/cms\/wp-json\/wp\/v2\/pages"}],"about":[{"href":"https:\/\/it-hartmann.com\/cms\/wp-json\/wp\/v2\/types\/page"}],"author":[{"embeddable":true,"href":"https:\/\/it-hartmann.com\/cms\/wp-json\/wp\/v2\/users\/1"}],"replies":[{"embeddable":true,"href":"https:\/\/it-hartmann.com\/cms\/wp-json\/wp\/v2\/comments?post=1289"}],"version-history":[{"count":5,"href":"https:\/\/it-hartmann.com\/cms\/wp-json\/wp\/v2\/pages\/1289\/revisions"}],"predecessor-version":[{"id":1415,"href":"https:\/\/it-hartmann.com\/cms\/wp-json\/wp\/v2\/pages\/1289\/revisions\/1415"}],"wp:attachment":[{"href":"https:\/\/it-hartmann.com\/cms\/wp-json\/wp\/v2\/media?parent=1289"}],"curies":[{"name":"wp","href":"https:\/\/api.w.org\/{rel}","templated":true}]}}