{"id":1355,"date":"2017-06-06T11:34:58","date_gmt":"2017-06-06T11:34:58","guid":{"rendered":"http:\/\/h1it.de\/cms\/?page_id=1355"},"modified":"2017-06-23T12:13:01","modified_gmt":"2017-06-23T12:13:01","slug":"virtualisierung","status":"publish","type":"page","link":"https:\/\/it-hartmann.com\/cms\/virtualisierung\/","title":{"rendered":"Virtualisierung"},"content":{"rendered":"<p>Mit Virtualisierung kann man mehrere Systeme softwarem\u00e4\u00dfig auf einer Hardware laufen lassen. Vorbei sind die Zeiten, in denen man f\u00fcr jedes neue System eine neue Hardware ben\u00f6tigte. Wir pr\u00fcfen, ob es bei Ihnen m\u00f6glich ist vorhandene Hardware zu nutzen, um Ihre Software-Systeme sinnvoll in Ihre IT-Infrastruktur zu integrieren, damit Ihre Ressource effizient ausgelastet sind und implementieren Ihnen die passende L\u00f6sung.<\/p>\n","protected":false},"excerpt":{"rendered":"<p>Nutzen Sie vorhandene Ressourcen. Wir konsolidieren Ihre Systeme.<\/p>\n","protected":false},"author":1,"featured_media":0,"parent":0,"menu_order":0,"comment_status":"closed","ping_status":"closed","template":"template-fullwidth.php","meta":{"footnotes":""},"class_list":["post-1355","page","type-page","status-publish","hentry"],"_links":{"self":[{"href":"https:\/\/it-hartmann.com\/cms\/wp-json\/wp\/v2\/pages\/1355","targetHints":{"allow":["GET"]}}],"collection":[{"href":"https:\/\/it-hartmann.com\/cms\/wp-json\/wp\/v2\/pages"}],"about":[{"href":"https:\/\/it-hartmann.com\/cms\/wp-json\/wp\/v2\/types\/page"}],"author":[{"embeddable":true,"href":"https:\/\/it-hartmann.com\/cms\/wp-json\/wp\/v2\/users\/1"}],"replies":[{"embeddable":true,"href":"https:\/\/it-hartmann.com\/cms\/wp-json\/wp\/v2\/comments?post=1355"}],"version-history":[{"count":2,"href":"https:\/\/it-hartmann.com\/cms\/wp-json\/wp\/v2\/pages\/1355\/revisions"}],"predecessor-version":[{"id":1419,"href":"https:\/\/it-hartmann.com\/cms\/wp-json\/wp\/v2\/pages\/1355\/revisions\/1419"}],"wp:attachment":[{"href":"https:\/\/it-hartmann.com\/cms\/wp-json\/wp\/v2\/media?parent=1355"}],"curies":[{"name":"wp","href":"https:\/\/api.w.org\/{rel}","templated":true}]}}