{"id":25,"date":"2016-02-12T08:13:22","date_gmt":"2016-02-12T08:13:22","guid":{"rendered":"http:\/\/demos.famethemes.com\/onepress\/?page_id=25"},"modified":"2017-06-07T09:48:49","modified_gmt":"2017-06-07T09:48:49","slug":"backup","status":"publish","type":"page","link":"https:\/\/it-hartmann.com\/cms\/backup\/","title":{"rendered":"Storage und Backup"},"content":{"rendered":"<p>Kaum ein Thema ist so wichtig, wie die Sicherung von Unternehmensdaten! Oft untersch\u00e4tzt &#8211; selten kontrolliert.<\/p>\n<p>&#8220;Hand aufs Herz!&#8221; Machen Sie von Ihren relevanten Systemen eine regelm\u00e4\u00dfige Datensicherung? Wissen Sie wie oft und wohin Ihre Daten gesichert werden? Haben Sie schon einmal kontrolliert, ob Ihre Daten auch wiederhergestellt werden k\u00f6nnen?<\/p>\n<p>Haben Sie sich jemals Gedanken gemacht, dass neben Ihren Daten auch die teils aufwendigen Computerkonfigurationen gesichert werden k\u00f6nnen?<\/p>\n<p>Wir zeigen Ihnen wie das geht!<\/p>\n<p>Wir haben f\u00fcr Sie eine passende Strategie zur Datensicherung und Wiederherstellung!<\/p>\n<p>Zusammen mit unserem Partner Acronis stellen wir Ihnen eine langj\u00e4hrig erprobte Backup-L\u00f6sungen zur Verf\u00fcgung. Sie k\u00f6nnen dabei Ihre Daten &#8220;Lokal&#8221;, &#8220;in der Cloud&#8221; oder &#8220;hybrid (Lokal und Cloud)&#8221; speichern.<\/p>\n<p>Wir beraten Sie gerne, was f\u00fcr Sie die richtige L\u00f6sung ist.<\/p>\n<p>&nbsp;<\/p>\n","protected":false},"excerpt":{"rendered":"<p>Datensicherung &#8211; Wiederherstellung &#8211; Nie wieder Datenverlust!<\/p>\n","protected":false},"author":1,"featured_media":0,"parent":0,"menu_order":0,"comment_status":"closed","ping_status":"closed","template":"template-fullwidth.php","meta":{"footnotes":""},"class_list":["post-25","page","type-page","status-publish","hentry"],"_links":{"self":[{"href":"https:\/\/it-hartmann.com\/cms\/wp-json\/wp\/v2\/pages\/25","targetHints":{"allow":["GET"]}}],"collection":[{"href":"https:\/\/it-hartmann.com\/cms\/wp-json\/wp\/v2\/pages"}],"about":[{"href":"https:\/\/it-hartmann.com\/cms\/wp-json\/wp\/v2\/types\/page"}],"author":[{"embeddable":true,"href":"https:\/\/it-hartmann.com\/cms\/wp-json\/wp\/v2\/users\/1"}],"replies":[{"embeddable":true,"href":"https:\/\/it-hartmann.com\/cms\/wp-json\/wp\/v2\/comments?post=25"}],"version-history":[{"count":8,"href":"https:\/\/it-hartmann.com\/cms\/wp-json\/wp\/v2\/pages\/25\/revisions"}],"predecessor-version":[{"id":1417,"href":"https:\/\/it-hartmann.com\/cms\/wp-json\/wp\/v2\/pages\/25\/revisions\/1417"}],"wp:attachment":[{"href":"https:\/\/it-hartmann.com\/cms\/wp-json\/wp\/v2\/media?parent=25"}],"curies":[{"name":"wp","href":"https:\/\/api.w.org\/{rel}","templated":true}]}}